{"id":8352,"date":"2018-12-06T17:16:02","date_gmt":"2018-12-06T15:16:02","guid":{"rendered":"http:\/\/alberghierosonzogni.it\/sitoprecedente\/?page_id=8352"},"modified":"2018-12-06T17:16:02","modified_gmt":"2018-12-06T15:16:02","slug":"informativa-sulla-privacy","status":"publish","type":"page","link":"https:\/\/alberghierosonzogni.it\/sitoprecedente\/informativa-sulla-privacy\/","title":{"rendered":"Informativa sulla Privacy"},"content":{"rendered":"<p>Redatta ai sensi degli Artt. da 13 a 15 del Regolamento U.E. 2016\/679 (G.D.P.R.)<\/p>\n<p>&nbsp;<\/p>\n<p>&nbsp;<\/p>\n<p>Qualora dovesse, a vario titolo, fornirci Suoi dati personali, in applicazione del Regolamento Europeo sulla protezione dei dati personali, desideriamo comunicarLe una serie di informazioni che La possono aiutare a comprendere le modalit\u00e0 con le quali i Suoi dati verranno trattati e quali sono i diritti che potr\u00e0 esercitare rispetto ad ogni trattamento.<\/p>\n<p>&nbsp;<\/p>\n<table>\n<tbody>\n<tr>\n<td width=\"139\">Introduzione e definizioni generali<\/td>\n<td width=\"536\">Oggetto della tutela offerta da ogni normativa sulla privacy \u00e8 il \u201ctrattamento di dati personali\u201d.<\/p>\n<p>Prima di addentrarci in questa informativa occorre definire cosa significhi \u201ctrattare dati personali\u201d e per farlo ci pare che la cosa migliore sia quella di riferirsi in modo immediato al Regolamento UE 2016\/679 che, all\u2019Art. 4 n.2) lo definisce come l\u2019attivit\u00e1 della <em>raccolta, registrazione, organizzazione, conservazione, consultazione, elaborazione, modificazione, selezione, estrazione, raffronto, utilizzo, interconnessione, blocco, comunicazione, cancellazione e distruzione<\/em> di dati che fanno riferimento a persone fisiche identificate o identificabili.<\/p>\n<p>In quanto persona fisica alla quale si riferiscono i dati trattati (potremmo dire \u201cproprietario\u201d dei dati personali di riferimento), il Regolamento UE 2016\/679 La definisce con il termine \u201c<strong>interessato<\/strong>\u201d e Le riserva una serie di diritti e prerogative a Suo favore.<\/p>\n<p>Primo di questi diritti \u00e8 senza dubbio quello di <u>essere informato<\/u>, in maniera chiara e trasparente, in merito alle finalit\u00e1 e le modalit\u00e1 con cui verranno gestiti (per dirlo con la terminologia giuridica corretta \u201ctrattati\u201d) i dati personali che, a vario titolo, fornir\u00e1 direttamente o tramite il presente sito internet all\u2019Istituto.<\/p>\n<p>A tale obbligo di informazione si ottempera sottoponendo agli interessati documenti come questo che sta leggendo, integrato caso per caso, da altre informative pi\u00fa specifiche.<\/p>\n<p>Per quanto attiene ai trattamenti svolti da parte di un Istituto Scolastico, noter\u00e1 il frequente ricorso alla definizione degli stessi come \u201cistituzionali\u201d. Nell\u2019ambito dell\u2019Ordinamento Giuridico italiano infatti la scuola \u00e8 considerata un soggetto dotato di capacit\u00e0 giuridica pubblica, che persegue finalit\u00e0 di interesse generale, opera in regime di diritto amministrativo ed esercita potest\u00e0 pubbliche, in sintesi \u00e8 annoverata nell\u2019ambito di quella che viene definita \u201cPubblica Amministrazione\u201d ai sensi dell\u2019art. 1 c. 2 del D.Lgs. 165\/2001 e s.m.i.. In quanto tale la principale finalit\u00e0 \u201cistituzionale\u201d deve essere individuata nell\u2019<strong>attivit\u00e0 didattica<\/strong> volta a garantire il diritto allo studio, l\u2019orientamento in ingresso ed in itinere, l\u2019attivit\u00e0 curriculare, il tutorato, i programmi di mobilit\u00e0 internazionale etc.<\/td>\n<\/tr>\n<tr>\n<td width=\"139\">Per quale finalit\u00e0 saranno trattati i miei dati personali ?<\/td>\n<td width=\"536\">L\u2019Istituto Scolastico esegue diversi trattamenti di dati personali, in particolare riferibili a:<\/p>\n<p>1 &#8211; Alunni\/Studenti;<\/p>\n<p>2 &#8211; Genitori\/Tutori degli alunni\/Studenti minori;<\/p>\n<p>3 &#8211; Personale dipendente;<\/p>\n<p>4 &#8211; Membri degli organi collegiali dell\u2019Istituto;<\/p>\n<p>5 &#8211; Soggetti esterni con i quali intercorrono rapporti di fornitura di beni e\/o servizi, collaborazione inter-<\/p>\n<p>istituzionale e in regime di convenzione o accordo di rete;<\/p>\n<p>tali trattamenti si svolgono esclusivamente al fine di adempiere agli obblighi connessi alla instaurazione ed al mantenimento dei rapporti suddetti per le diverse finalit\u00e0 previste dalle normative vigenti per il funzionamento delle scuole ed ispirandosi ai seguenti principi generali:<\/p>\n<p>a) necessit\u00e0: tutti i trattamenti e le tecnologie impiegate sono organizzati in modo da ridurre al minimo l\u2019utilizzazione dei dati personali e identificativi e, tutte le volte che \u00e8 possibile, viene fatto ricorso a dati anonimi o modalit\u00e0 che permettano di identificare l\u2019interessato solo in caso di necessit\u00e0;<\/p>\n<p>b) finalit\u00e0: i dati e i relativi trattamenti sono acquisiti ed effettuati esclusivamente per le finalit\u00e0 istituzionali della scuola;<\/p>\n<p>c) liceit\u00e0; tutti i trattamenti eseguiti avvengono con modalit\u00e0 previste da leggi e regolamenti;<\/p>\n<p>d) correttezza e lealt\u00e0; il principio di correttezza e lealt\u00e0 riguarda la garanzia sia della fedelt\u00e0 dei dati che l\u2019integrit\u00e0 delle modalit\u00e0 di raccolta, archiviazione e trasmissione;<\/p>\n<p>e) sicurezza e protezione; i trattamenti sono ispirati all\u2019esigenza che ai dati personali abbia accesso esclusivamente personale espressamente incaricato;<\/p>\n<p>Senza pretesa di esaustivit\u00e1 (i dettagli saranno contenuti nelle informative specifiche che verranno di volta in volta fornite), i trattamenti svolti dall\u2019Istituto ai sensi dell\u2019art. 6 lettera e) del Regolamento UE sono:<\/p>\n<p>1 &#8211; iscrizione e frequenza degli allievi;<\/p>\n<p>2 &#8211; gestione della carriera di personale ed allievi;<\/p>\n<p>3 &#8211; utilizzo dei servizi telematici e di posta elettronica per tutti i fini;<\/p>\n<p>4 &#8211; fruizione di contributi, agevolazioni e servizi connessi ai rapporti intercorrenti con l\u2019Istituto;<\/p>\n<p>5 &#8211; rilevazioni per la valutazione della didattica;<\/p>\n<p>6 &#8211; applicazione delle misure di sicurezza degli ambienti di lavoro (D.Lgs. 81\/2008);<\/p>\n<p>7 &#8211; gestione dell\u2019offerta formativa e dell\u2019assegnazione degli incarichi;<\/p>\n<p>8 &#8211; gestione della struttura organizzativa, dell\u2019anagrafica del personale e registrazione degli eventi di<br \/>\ncarriera (trattamento giuridico del personale);<\/p>\n<p>9 &#8211; gestione delle pratiche assicurative e previdenziali;<\/p>\n<p>10- trattamenti assistenziali, denunce e pratiche di infortunio, trattamenti assistenziali.<\/p>\n<p>Per ciascuno dei suddetti trattamenti genericamente definiti, viene concessa informativa specifica agli interessati.<\/td>\n<\/tr>\n<tr>\n<td width=\"139\">Quali garanzie ho che i miei dati siano trattati nel rispetto dei miei diritti e delle mie libert\u00e0 personali ?<\/td>\n<td width=\"536\">Il trattamento avverr\u00e0 nell\u2019ambito degli uffici di segreteria, nelle aule didattiche e nei locali a ci\u00f2 deputati\u00a0 in modalit\u00e0 sia manuale che informatica, a cura del titolare, dei responsabili e degli incaricati del trattamento dei dati, che sono formalmente individuati e formati.<\/p>\n<p>A garanzia della riservatezza dei dati sono applicate misure adeguate di sicurezza organizzative ed informatiche di cui viene data evidenza all\u2019interno del \u201cDocumento delle misure a tutela dei dati delle persone\u201d elaborato da questa Istituzione scolastica con riferimento esplicito alle regole tecniche in materia di conservazione digitale degli atti definite dall\u2019Agenzia per l\u2019Italia Digitale (Ag.I.D.).<\/p>\n<p>Non verr\u00e0 eseguito su di essi alcun processo decisionale automatizzato (profilazione).<\/td>\n<\/tr>\n<tr>\n<td width=\"139\">I miei dati entreranno nella disponibilit\u00e0 di altri soggetti ?<\/td>\n<td width=\"536\">I Dati personali in questione potranno essere trasmessi a terzi esterni all\u2019Istituto quali altre Amministrazioni pubbliche, qualora queste debbano trattare i medesimi per eventuali procedimenti di propria competenza istituzionale (ASL, Comuni, Citt\u00e1 metropolitane, Ufficio Scolastico Regionale, Ambiti Territoriali, organi di Polizia Giudiziaria e Tributaria, Autorit\u00e1 giudiziaria, Organismi di vigilanza, societ\u00e0 di assicurazione, nonch\u00e9 a quei soggetti ai quali la comunicazione sia obbligatoria per legge per l\u2019espletamento delle finalit\u00e0 sopra indicate), oltre che ai professionisti e fornitori di cui il nostro Istituto si avvale quali RSPP, DPO, medico competente, compagnie di assicurazione, agenzie di viaggio e banche.<br \/>\nI dati gestiti in modalit\u00e0 informatica potranno essere visti dai tecnici incaricati della loro custodia in occasione delle attivit\u00e0 di controllo e manutenzione della rete e delle apparecchiature informatiche, gli stessi potranno essere depositati \u201cin cloud\u201d presso server esterni riferibili ai fornitori di servizi quali la \u201csegreteria digitale\u201d, il \u201cregistro elettronico\u201d, le \u201cGoogle suite\u201d ed altri servizi simili.<\/p>\n<p>Detti soggetti tratteranno i dati nella loro qualit\u00e0 di autonomi responsabili del trattamento<em>.<\/em><\/p>\n<p>I destinatari ai quali verranno comunicati i dati, saranno definiti in fase di raccolta dei dati stessi al fine di redigere le informative specifiche che verranno ulteriormente trasmesse agli interessati.<\/p>\n<p>Gli stessi <u>non verranno trasferiti<\/u> a destinatari residenti in paesi terzi rispetto all\u2019Unione Europea n\u00e9 ad organizzazioni internazionali.<\/td>\n<\/tr>\n<tr>\n<td width=\"139\">Per quanto tempo terrete i miei dati ?<\/td>\n<td width=\"536\">I dati saranno conservati presso l\u2019Istituto per tutto il tempo in cui la prestazione sar\u00e0 attiva ed in seguito, in caso di licenziamento, trasferimento o pensionamento, verr\u00e0 trattenuto il fascicolo per il periodo di conservazione obbligatorio previsto dalla normativa vigente.<\/p>\n<p>I tempi di conservazione dei dati (senza differenza alcuna tra cartacei e digitali) sono stabiliti dalla normativa di riferimento per le Istituzioni scolastiche individuabile nella Legge 59\/1997 (Art. 21), D.P.R. 275\/1999, D.P.R. 445\/2000, D.Lgs. 42\/2004 e Legge 137\/2002 (Art. 10).<\/p>\n<p>Dati riferibili a documenti soggetti ad archiviazione <strong>illimitata <\/strong>o per <strong>50 anni<\/strong>: contrattazione, verbali di riunioni, registri delle deliberazioni, protocolli, registri dei contratti, dati relativi a procedimenti disciplinari e giurisdizionali, contratti di prestazione d\u2019opera e di assunzione, fascicoli individuali del personale e degli allievi, ordini di servizio, orari di servizio e registro assenze, registri degli stipendi ed altri assegni, liquidazione consulenze, \u00a0accertamenti sanitari riferiti a malattie professionali ed infortuni, attestati di aggiornamento del personale, registri di iscrizione\/immatricolazione degli allievi, registri generali dei voti e delle valutazioni, dati relativi a borse di studio, elaborati delle prove scritte, grafiche e pratiche per gli esami di Stato, pagelle e dati di scrutinio;<\/p>\n<p>Dati riferibili a documenti soggetti ad archiviazione per <strong>6 anni <\/strong>(con obbligo comunque di conservazione di 1 esemplare a campione): elezione e convocazione organi collegiali, richieste di certificati ed autorizzazioni rispetto all\u2019uso dei locali, elenchi buoni libro e cedole librarie, elenchi servizio mensa, elenchi servizio di trasporto degli allievi, domande di ferie e permessi, copie certificati di servizio, certificati di nascita e vaccinazione e documenti vaccinali in genere, registri delle assenze degli allievi.<\/p>\n<p>Dati riferibili a documenti soggetti ad archiviazione per <strong>1 anno<\/strong>: elaborati delle prove scritte, grafiche e pratiche degli allievi ad esclusione di quelli prodotti per l\u2019esame di Stato (con obbligo comunque di conservazione di 1 annata a campione ogni 10 anni), richieste di accesso e di copie di atti.<\/p>\n<p>Tutta la documentazione di natura contabile-amministrativa \u00e8 soggetta ad obbligo di conservazione decennale.<\/td>\n<\/tr>\n<tr>\n<td width=\"139\">Quali sono i miei diritti ?<\/td>\n<td width=\"536\">L\u2019interessato ha diritto di chiedere al Titolare del trattamento (Artt. 16-21 Regolamento UE 2016\/679):<\/p>\n<p>&#8211; L\u2019accesso ai propri dati, la loro rettifica o cancellazione;<\/p>\n<p>&#8211; La limitazione e di opporsi al trattamento dei dati personali che lo riguardano;<\/p>\n<p>&#8211; La portabilit\u00e0 dei dati;<\/p>\n<p>L\u2019interessato ha inoltre diritto a proporre reclamo all\u2019Autorit\u00e0 di controllo dello Stato di residenza, nonch\u00e9 a revocare il consenso al trattamento ai sensi dell\u2019Art. 6 del G.D.P.R.<\/p>\n<p>I diritti sopra esposti possono essere esercitati mediante invio di una specifica richiesta al Titolare del trattamento oppure al Responsabile della Protezione dei Dati (R.P.D.\/D.P.O.).<\/td>\n<\/tr>\n<tr>\n<td width=\"139\">Cosa accade se non conferisco i miei dati ?<\/td>\n<td width=\"536\">Il conferimento dei dati \u00e8 obbligatorio, l\u2019eventuale rifiuto a fornire tali dati potrebbe comportare il mancato perfezionamento o mantenimento del rapporto.<\/td>\n<\/tr>\n<tr>\n<td width=\"139\">Chi \u00e8 il Titolare del trattamento ?<\/td>\n<td width=\"536\">L\u2019Istituto Scolastico nella persona del Dirigente Scolastico pro tempore<\/td>\n<\/tr>\n<tr>\n<td width=\"139\">Responsabile della protezione dei dati<br \/>\n(R.P.D. \/ D.P.O.)<\/td>\n<td width=\"536\">Luca Corbellini<br \/>\nc\/o Studio AG.I.COM. S.r.l. &#8211; Via XXV Aprile, 12 \u2013 20070 SAN ZENONE AL LAMBRO (MI)<\/p>\n<p>e-mail <a href=\"mailto:dpo@agicomstudio.it\">dpo@agicomstudio.it<\/a><\/td>\n<\/tr>\n<\/tbody>\n<\/table>\n","protected":false},"excerpt":{"rendered":"<p>Redatta ai sensi degli Artt. da 13 a 15 del Regolamento U.E. 2016\/679 (G.D.P.R.) &nbsp; &nbsp; Qualora dovesse, a vario titolo, fornirci Suoi dati personali, in applicazione del Regolamento Europeo sulla protezione dei dati personali, desideriamo comunicarLe una serie di informazioni che La possono aiutare a comprendere le modalit\u00e0 con le quali i Suoi dati&nbsp; &nbsp; <a class=\"moretag\" href=\"https:\/\/alberghierosonzogni.it\/sitoprecedente\/informativa-sulla-privacy\/\" title=\"Leggi l&#180;intero articolo\">&raquo;<\/a><\/p>\n","protected":false},"author":11,"featured_media":0,"parent":0,"menu_order":0,"comment_status":"closed","ping_status":"closed","template":"","meta":{"footnotes":""},"class_list":["post-8352","page","type-page","status-publish","hentry"],"yoast_head":"<!-- This site is optimized with the Yoast SEO plugin v27.3 - https:\/\/yoast.com\/product\/yoast-seo-wordpress\/ -->\n<title>Informativa sulla Privacy &#8226; Alberghiero Sonzogni - Nembro (Bergamo)<\/title>\n<meta name=\"robots\" content=\"index, follow, max-snippet:-1, max-image-preview:large, max-video-preview:-1\" \/>\n<link rel=\"canonical\" href=\"https:\/\/alberghierosonzogni.it\/sitoprecedente\/informativa-sulla-privacy\/\" \/>\n<meta property=\"og:locale\" content=\"it_IT\" \/>\n<meta property=\"og:type\" content=\"article\" \/>\n<meta property=\"og:title\" content=\"Informativa sulla Privacy &#8226; Alberghiero Sonzogni - Nembro (Bergamo)\" \/>\n<meta property=\"og:description\" content=\"Redatta ai sensi degli Artt. da 13 a 15 del Regolamento U.E. 2016\/679 (G.D.P.R.) &nbsp; &nbsp; Qualora dovesse, a vario titolo, fornirci Suoi dati personali, in applicazione del Regolamento Europeo sulla protezione dei dati personali, desideriamo comunicarLe una serie di informazioni che La possono aiutare a comprendere le modalit\u00e0 con le quali i Suoi dati&nbsp; &nbsp; &raquo;\" \/>\n<meta property=\"og:url\" content=\"https:\/\/alberghierosonzogni.it\/sitoprecedente\/informativa-sulla-privacy\/\" \/>\n<meta property=\"og:site_name\" content=\"Alberghiero Sonzogni - Nembro (Bergamo)\" \/>\n<meta name=\"twitter:card\" content=\"summary_large_image\" \/>\n<meta name=\"twitter:label1\" content=\"Tempo di lettura stimato\" \/>\n\t<meta name=\"twitter:data1\" content=\"8 minuti\" \/>\n<script type=\"application\/ld+json\" class=\"yoast-schema-graph\">{\"@context\":\"https:\\\/\\\/schema.org\",\"@graph\":[{\"@type\":\"WebPage\",\"@id\":\"https:\\\/\\\/alberghierosonzogni.it\\\/sitoprecedente\\\/informativa-sulla-privacy\\\/\",\"url\":\"https:\\\/\\\/alberghierosonzogni.it\\\/sitoprecedente\\\/informativa-sulla-privacy\\\/\",\"name\":\"Informativa sulla Privacy &#8226; Alberghiero Sonzogni - Nembro (Bergamo)\",\"isPartOf\":{\"@id\":\"http:\\\/\\\/alberghierosonzogni.it\\\/sitoprecedente\\\/#website\"},\"datePublished\":\"2018-12-06T15:16:02+00:00\",\"breadcrumb\":{\"@id\":\"https:\\\/\\\/alberghierosonzogni.it\\\/sitoprecedente\\\/informativa-sulla-privacy\\\/#breadcrumb\"},\"inLanguage\":\"it-IT\",\"potentialAction\":[{\"@type\":\"ReadAction\",\"target\":[\"https:\\\/\\\/alberghierosonzogni.it\\\/sitoprecedente\\\/informativa-sulla-privacy\\\/\"]}]},{\"@type\":\"BreadcrumbList\",\"@id\":\"https:\\\/\\\/alberghierosonzogni.it\\\/sitoprecedente\\\/informativa-sulla-privacy\\\/#breadcrumb\",\"itemListElement\":[{\"@type\":\"ListItem\",\"position\":1,\"name\":\"Home\",\"item\":\"http:\\\/\\\/alberghierosonzogni.it\\\/sitoprecedente\\\/\"},{\"@type\":\"ListItem\",\"position\":2,\"name\":\"Informativa sulla Privacy\"}]},{\"@type\":\"WebSite\",\"@id\":\"http:\\\/\\\/alberghierosonzogni.it\\\/sitoprecedente\\\/#website\",\"url\":\"http:\\\/\\\/alberghierosonzogni.it\\\/sitoprecedente\\\/\",\"name\":\"Alberghiero Sonzogni - Nembro (Bergamo)\",\"description\":\"Istituto Professionale di Stato per i Servizi Alberghieri e della Ristorazione\",\"potentialAction\":[{\"@type\":\"SearchAction\",\"target\":{\"@type\":\"EntryPoint\",\"urlTemplate\":\"http:\\\/\\\/alberghierosonzogni.it\\\/sitoprecedente\\\/?s={search_term_string}\"},\"query-input\":{\"@type\":\"PropertyValueSpecification\",\"valueRequired\":true,\"valueName\":\"search_term_string\"}}],\"inLanguage\":\"it-IT\"}]}<\/script>\n<!-- \/ Yoast SEO plugin. -->","yoast_head_json":{"title":"Informativa sulla Privacy &#8226; Alberghiero Sonzogni - Nembro (Bergamo)","robots":{"index":"index","follow":"follow","max-snippet":"max-snippet:-1","max-image-preview":"max-image-preview:large","max-video-preview":"max-video-preview:-1"},"canonical":"https:\/\/alberghierosonzogni.it\/sitoprecedente\/informativa-sulla-privacy\/","og_locale":"it_IT","og_type":"article","og_title":"Informativa sulla Privacy &#8226; Alberghiero Sonzogni - Nembro (Bergamo)","og_description":"Redatta ai sensi degli Artt. da 13 a 15 del Regolamento U.E. 2016\/679 (G.D.P.R.) &nbsp; &nbsp; Qualora dovesse, a vario titolo, fornirci Suoi dati personali, in applicazione del Regolamento Europeo sulla protezione dei dati personali, desideriamo comunicarLe una serie di informazioni che La possono aiutare a comprendere le modalit\u00e0 con le quali i Suoi dati&nbsp; &nbsp; &raquo;","og_url":"https:\/\/alberghierosonzogni.it\/sitoprecedente\/informativa-sulla-privacy\/","og_site_name":"Alberghiero Sonzogni - Nembro (Bergamo)","twitter_card":"summary_large_image","twitter_misc":{"Tempo di lettura stimato":"8 minuti"},"schema":{"@context":"https:\/\/schema.org","@graph":[{"@type":"WebPage","@id":"https:\/\/alberghierosonzogni.it\/sitoprecedente\/informativa-sulla-privacy\/","url":"https:\/\/alberghierosonzogni.it\/sitoprecedente\/informativa-sulla-privacy\/","name":"Informativa sulla Privacy &#8226; Alberghiero Sonzogni - Nembro (Bergamo)","isPartOf":{"@id":"http:\/\/alberghierosonzogni.it\/sitoprecedente\/#website"},"datePublished":"2018-12-06T15:16:02+00:00","breadcrumb":{"@id":"https:\/\/alberghierosonzogni.it\/sitoprecedente\/informativa-sulla-privacy\/#breadcrumb"},"inLanguage":"it-IT","potentialAction":[{"@type":"ReadAction","target":["https:\/\/alberghierosonzogni.it\/sitoprecedente\/informativa-sulla-privacy\/"]}]},{"@type":"BreadcrumbList","@id":"https:\/\/alberghierosonzogni.it\/sitoprecedente\/informativa-sulla-privacy\/#breadcrumb","itemListElement":[{"@type":"ListItem","position":1,"name":"Home","item":"http:\/\/alberghierosonzogni.it\/sitoprecedente\/"},{"@type":"ListItem","position":2,"name":"Informativa sulla Privacy"}]},{"@type":"WebSite","@id":"http:\/\/alberghierosonzogni.it\/sitoprecedente\/#website","url":"http:\/\/alberghierosonzogni.it\/sitoprecedente\/","name":"Alberghiero Sonzogni - Nembro (Bergamo)","description":"Istituto Professionale di Stato per i Servizi Alberghieri e della Ristorazione","potentialAction":[{"@type":"SearchAction","target":{"@type":"EntryPoint","urlTemplate":"http:\/\/alberghierosonzogni.it\/sitoprecedente\/?s={search_term_string}"},"query-input":{"@type":"PropertyValueSpecification","valueRequired":true,"valueName":"search_term_string"}}],"inLanguage":"it-IT"}]}},"_links":{"self":[{"href":"https:\/\/alberghierosonzogni.it\/sitoprecedente\/wp-json\/wp\/v2\/pages\/8352","targetHints":{"allow":["GET"]}}],"collection":[{"href":"https:\/\/alberghierosonzogni.it\/sitoprecedente\/wp-json\/wp\/v2\/pages"}],"about":[{"href":"https:\/\/alberghierosonzogni.it\/sitoprecedente\/wp-json\/wp\/v2\/types\/page"}],"author":[{"embeddable":true,"href":"https:\/\/alberghierosonzogni.it\/sitoprecedente\/wp-json\/wp\/v2\/users\/11"}],"replies":[{"embeddable":true,"href":"https:\/\/alberghierosonzogni.it\/sitoprecedente\/wp-json\/wp\/v2\/comments?post=8352"}],"version-history":[{"count":1,"href":"https:\/\/alberghierosonzogni.it\/sitoprecedente\/wp-json\/wp\/v2\/pages\/8352\/revisions"}],"predecessor-version":[{"id":8353,"href":"https:\/\/alberghierosonzogni.it\/sitoprecedente\/wp-json\/wp\/v2\/pages\/8352\/revisions\/8353"}],"wp:attachment":[{"href":"https:\/\/alberghierosonzogni.it\/sitoprecedente\/wp-json\/wp\/v2\/media?parent=8352"}],"curies":[{"name":"wp","href":"https:\/\/api.w.org\/{rel}","templated":true}]}}