{"id":847,"date":"2012-03-26T10:11:07","date_gmt":"2012-03-26T10:11:07","guid":{"rendered":"http:\/\/alberghierosonzogni.it\/sitoprecedente\/?page_id=847"},"modified":"2022-04-02T19:45:39","modified_gmt":"2022-04-02T17:45:39","slug":"alternanza-e-stage","status":"publish","type":"page","link":"https:\/\/alberghierosonzogni.it\/sitoprecedente\/alternanza-e-stage\/","title":{"rendered":"P.C.T.O. e Tirocini Formativi"},"content":{"rendered":"<h3><b>TUTTO QUELLO CHE C\u2019\u00c8 DA SAPERE SUI PERCORSI PER LE COMPETENZE TRASVERSALI E PER L\u2019ORIENTAMENTO (PCTO)<\/b><\/h3>\n<p><strong>1. PERCHE\u2019\u00a0 BISOGNA SVOLGERE LE ATTIVITA\u2019\u00a0 DI PCTO?<\/strong><\/p>\n<p><span style=\"font-weight: 400;\">Al fine di incrementare le opportunit\u00e0 di lavoro, le competenze, le abilit\u00e0 e la capacit\u00e0 di orientamento degli studenti. Come dichiarato dal DM 774 4\/09\/2019 i PCTO sono attuati da tutti gli istituti, per una durata complessiva di 210 ore per i professionali, da svolgere durante il secondo biennio ed eventualmente nel 5\u00b0 anno. <\/span><\/p>\n<p><strong>2.\u00a0SONO OBBLIGATORIE LE ORE DI PCTO?<\/strong><\/p>\n<p><span style=\"font-weight: 400;\">SI, le ore sono un obbligo scolastico e sono parte integrante del curriculum dello studente con una ricaduta sulla valutazione finale dello studente.\u00a0<\/span><\/p>\n<p><span style=\"font-weight: 400;\">Per gli studenti con Bisogni Educativi Speciali e DVA viene elaborato un progetto personalizzato ed individualizzato che tiene conto di queste specificit\u00e0.<\/span><\/p>\n<p><strong>3. QUALI SONO LE ATTIVITA\u2019\u00a0 CHE INCLUDE IL PCTO?<\/strong><\/p>\n<p><span style=\"font-weight: 400;\">Tutte le attivit\u00e0 di PCTO possono essere svolte presso aziende, con visite didattiche programmate, incontri con esperti, lezioni in classe di formazione, laboratori di formazione, corso sulla sicurezza, seminari di orientamento, esperienze all\u2019estero.<\/span><\/p>\n<p><strong>4.\u00a0COME SONO ORGANIZZATE LE ATTIVITA\u2019\u00a0 DI PCTO PER LA CLASSE 3\u00b0 &#8211; 4\u00b0 &#8211; 5\u00b0?<\/strong><\/p>\n<ul>\n<li style=\"font-weight: 400;\" aria-level=\"1\"><span style=\"font-weight: 400;\">Le classi 3\u00b0 dovranno svolgere le attivit\u00e0 di PCTO presso aziende. La durata \u00e8 definita dalla scuola.<\/span><\/li>\n<li style=\"font-weight: 400;\" aria-level=\"1\"><span style=\"font-weight: 400;\">Le classi 4\u00b0 dovranno continuare l\u2019attivit\u00e0 di PCTO fino a raggiungere il monte ore obbligatorio di 210 e per il periodo definito dalla scuola.\u00a0<\/span><\/li>\n<li style=\"font-weight: 400;\" aria-level=\"1\"><span style=\"font-weight: 400;\">Le classi 5\u00b0 svolgeranno i PCTO solo se non sono state raggiunte le 210 ore obbligatorie.<\/span><\/li>\n<\/ul>\n<p><strong>5.\u00a0SI POSSONO PROPORRE AZIENDE PER I PCTO?<\/strong><\/p>\n<p><span style=\"font-weight: 400;\">La scuola prevede la possibilit\u00e0 che la famiglia o lo studente indichino un\u2019azienda con cui intraprendere un percorso PCTO. L\u2019azienda deve garantire per\u00f2 la possibilit\u00e0 di crescita e formazione dello studente.<\/span><\/p>\n<p><strong>6. SE NON SI CONOSCONO AZIENDE A CHI CI SI PUO\u2019\u00a0 RIVOLGERE?<\/strong><\/p>\n<p><span style=\"font-weight: 400;\">In caso non si conoscano aziende \u00e8 la scuola che provvede a sottoporre allo studente le aziende che sono gi\u00e0 state coinvolte in contratti di PCTO con l\u2019istituto oppure a trovarne di nuove.<\/span><\/p>\n<p><strong>7. QUALI SONO LE TIPOLOGIE DI AZIENDE CHE ACCOLGONO STUDENTI IN PCTO?<\/strong><\/p>\n<p><span style=\"font-weight: 400;\">Vista la tipologia di istituto le aziende possono essere: strutture ricettive, ristoranti, mense, ospedali (con specifici percorsi legati all\u2019alimentazione), animazione, pro-loco, uffici del turismo, pasticcerie, agenzie di viaggio.<\/span><\/p>\n<p><strong>8. SI POSSONO SVOLGERE I PCTO IN AZIENDE DI FAMIGLIA?<\/strong><\/p>\n<p><span style=\"font-weight: 400;\">NO, non \u00e8 possibile sia da un punto di vista della veridicit\u00e0 della formazione dello studente, sia per dare una reale ed oggettiva valutazione dello studente. E\u2019 per\u00f2 previsto che uno studente possa mettere a disposizione la propria azienda di famiglia per l\u2019organizzazione di PCTO di altri studenti.<\/span><\/p>\n<p><strong>9. SI POSSONO SVOLGERE I PCTO IN AZIENDE IN CUI LAVORA UNO DEI FAMILIARI?<\/strong><\/p>\n<p><span style=\"font-weight: 400;\">SI \u00e8 permesso basta che non sia lo stesso identico reparto di lavoro del familiare. Il familiare NON DEVE essere il Tutor dello studente.<\/span><\/p>\n<p><strong>10. SI POSSONO FARE I PCTO IN ASSOCIAZIONI SPORTIVE E\/O SENZA FINI DI LUCRO?<\/strong><\/p>\n<p><span style=\"font-weight: 400;\">Come stabilito dalla legge 107\/2015 art. 1 comma 34 gli enti sportivi DEVONO essere riconosciuti dal CONI, con un percorso personalizzato e se adeguatamente calibrato sugli aspetti lavorativi della disciplina sportiva praticata, mentre non vi sono limiti di svolgimento presso enti no profit, amministrazioni pubbliche e di volontariato.<\/span><\/p>\n<p><strong>11. GLI ATLETI A LIVELLO AGONISTICO SVOLGONO I PCTO?<\/strong><\/p>\n<p><span style=\"font-weight: 400;\">SI, ma se si rientra in una di queste categorie:<\/span><\/p>\n<ul>\n<li style=\"font-weight: 400;\" aria-level=\"1\"><span style=\"font-weight: 400;\">Rappresentante delle nazionali \/ partecipante a competizioni di carattere internazionale.<\/span><\/li>\n<li style=\"font-weight: 400;\" aria-level=\"1\"><span style=\"font-weight: 400;\">Per gli sport individuali gli atleti inclusi nei primi 12 posti in classifica nazionale categoria giovanile.<\/span><\/li>\n<li style=\"font-weight: 400;\" aria-level=\"1\"><span style=\"font-weight: 400;\">Attivit\u00e0 sportive in squadra riconosciute dalla legge 91\/1981 \u2013 atleti che partecipano ai campionati di calcio (serie A \u2013 B \u2013 C \u2013 UNDER 17 SERIE A-B); pallacanestro (serie A1 \u2013 A2 \u2013 B \u2013 UNDER 20 ECCELLENZA, UNDER 18 ECCELLENZA).<\/span><\/li>\n<\/ul>\n<p><span style=\"font-weight: 400;\">Le attivit\u00e0 di PCTO saranno legate ad un progetto personalizzato condiviso con la scuola e potranno comprendere gli impegni sportivi dello studente.<\/span><\/p>\n<p><strong>12. SI POSSONO FARE I PCTO ALL\u2019ESTERO?<\/strong><\/p>\n<p><span style=\"font-weight: 400;\">SI, con i dovuti progetti formativi e convenzioni predisposte dalla scuola e condivise con l\u2019azienda ospitante.<\/span><\/p>\n<p><strong>13. PRIMA DI INIZIARE I PCTO BISOGNA CONTATTARE L\u2019AZIENDA OSPITANTE?<\/strong><\/p>\n<p><span style=\"font-weight: 400;\">SI \u00e8 bene contattare l\u2019azienda prima dell\u2019inizio dei PCTO per farsi conoscere, definire i dettagli del percorso, orari, luogo, abbigliamento.<\/span><\/p>\n<p><strong>14. SI POSSONO FARE ASSENZE DURANTE I PCTO?<\/strong><\/p>\n<p><span style=\"font-weight: 400;\">In caso di assenza bisogna tempestivamente informare l\u2019azienda e il proprio tutor. Le assenze dovranno essere giustificate e documentate. In caso di malattia\/infortunio bisogna darne IMMEDIATA comunicazione alla scuola e all\u2019azienda.<\/span><\/p>\n<p><strong>15.\u00a0SI PUO\u2019\u00a0 RIMANERE A LAVORARE NELLA STESSA AZIENDA IN CUI SI SONO SVOLTI I PCTO?<\/strong><\/p>\n<p><span style=\"font-weight: 400;\">SI, il contratto di PCTO termina secondo quanto indicato nel progetto formativo e successivamente l\u2019azienda potr\u00e0 proporre allo studente un contratto di lavoro nel rispetto delle norme vigenti.<\/span><\/p>\n<p><strong>16. SI POSSONO SUPERARE LE 210 ORE OBBLIGATORIE DI PCTO?<\/strong><\/p>\n<p><span style=\"font-weight: 400;\">SI, le 210 ore sono il requisito per l\u2019accesso all\u2019Esame di Stato. Si faccia comunque riferimento alla normativa per l\u2019anno scolastico.<\/span><\/p>\n<p><strong>17. COME SI POSSONO CONOSCERE LE ORE SVOLTE DI PCTO?<\/strong><\/p>\n<p><span style=\"font-weight: 400;\">I referenti di PCTO informano il coordinatore di classe e l\u2019insegnante tecnico pratico del monte ore raggiunto annualmente da ciascuno studente. Lo studente quindi si dovr\u00e0 interfacciare con loro per conoscere le ore svolte.<\/span><\/p>\n<p><strong>18. SI POSSONO INTERROMPERE I PCTO?<\/strong><\/p>\n<p><span style=\"font-weight: 400;\">SI, l\u2019interruzione pu\u00f2 avvenire sia per volont\u00e0 dello studente che dell\u2019azienda ospitante. La richiesta va formulata al tutor scolastico che valuter\u00e0 ogni singolo caso. Si ricorda che i PCTO sono organizzati con uno sforzo congiunto tra scuola e aziende ed \u00e8 preferibile non interrompere tali percorsi salvo casi eccezionali.<\/span><\/p>\n<p><strong>19. E\u2019\u00a0 PREVISTA UN\u2019 ASSICURAZIONE DURANTE I PCTO?<\/strong><\/p>\n<p><span style=\"font-weight: 400;\">SI, \u00e8 prevista la copertura assicurativa per i PCTO stipulata dalla scuola; lo studente ne verr\u00e0 informato con la consegna della documentazione prima dell\u2019avvio del percorso.<\/span><\/p>\n<p><strong>20. SI E\u2019\u00a0 RIMBORSATI PER LE SPESE DI VIAGGIO EFFETTUATE DURANTE IL PERIODO DI PCTO?<\/strong><\/p>\n<p><span style=\"font-weight: 400;\">Di norma la scuola si impegna ad assegnare le aziende in base alla residenza\/domicilio dello studente per non far incorrere la famiglia in spese di viaggio.<\/span><\/p>\n<p><span style=\"font-weight: 400;\">Lo studente che svolger\u00e0 i percorsi fuori Regione verr\u00e0 accompagnato dalla scuola.\u00a0<\/span><\/p>\n<p><span style=\"font-weight: 400;\">Eventuali casi particolari verranno valutati dalla scuola.<\/span><\/p>\n<p><strong>21. COME VENGONO VALUTATE LE ORE PCTO SVOLTE DA UNO STUDENTE CHE\u00a0 \u00a0 \u00a0 \u00a0 \u00a0 <\/strong><\/p>\n<p><strong>\u00a0 \u00a0 \u00a0 SI\u00a0TRASFERISCE\/PROVIENE\u00a0 IN\/DA ALTRO ISTITUTO?<\/strong><\/p>\n<p><span style=\"font-weight: 400;\">Nel caso in cui uno studente arrivi da altro istituto, la scuola chieder\u00e0 allo studente o alla scuola di provenienza la certificazione delle ore svolte nelle singole esperienze di PCTO. Queste ore verranno poi ratificate dai singoli consigli di classe.\u00a0<\/span><\/p>\n<p><span style=\"font-weight: 400;\">In caso di cambio di indirizzo, si consiglia comunque lo svolgimento dell\u2019attivit\u00e0 di PCTO come programmato dal cdc al fine del raggiungimento delle necessarie competenze professionali.<\/span><\/p>\n<p><span style=\"font-weight: 400;\">Le attivit\u00e0 di tirocinio svolte da uno studente proveniente da IeFP non sono equiparabili ai percorsi di PCTO.<\/span><\/p>\n<p><span style=\"font-weight: 400;\">In caso di trasferimento in altro istituto sar\u00e0 la nostra scuola a provvedere ad inviare tutta la documentazione necessaria.<\/span><\/p>\n<p><strong>22. SE UNO STUDENTE VIENE RESPINTO DEVE COMUNQUE SVOLGERE I PCTO?<\/strong><\/p>\n<p><span style=\"font-weight: 400;\">SI, lo studente \u00e8 tenuto a svolgere di nuovo l\u2019intero percorso come previsto dalla legge 107\/2015 perch\u00e9 si tratta di una attivit\u00e0 ordinamentale che coinvolge l\u2019intero curricolo e segue la programmazione annuale delle attivit\u00e0 stabilite dal cdc.\u00a0 Restano validi i corsi di formazione sulla sicurezza.<\/span><\/p>\n<p><strong>23. CHI E\u2019\u00a0 E CHE\u00a0 COMPITI HA IL TUTOR SCOLASTICO?<\/strong><\/p>\n<p><span style=\"font-weight: 400;\">Il tutor scolastico \u00e8 un docente della classe che sar\u00e0 il punto di riferimento dello studente per tutta la durata dell\u2019esperienza PCTO e sar\u00e0 inoltre punto di collegamento con il tutor esterno (tutor aziendale). Il suo compito \u00e8 mantenere i rapporti con lo studente e l\u2019azienda, contattare periodicamente il tutor aziendale ed assicurarsi del corretto e normale svolgimento del percorso PCTO.<\/span><\/p>\n<p><strong>24. CHI E\u2019\u00a0 E CHE\u00a0 COMPITI HA IL TUTOR AZIENDALE?<\/strong><\/p>\n<p><span style=\"font-weight: 400;\">Il tutor aziendale \u00e8 un dipendente dell\u2019azienda ospitante e rappresenta la figura di riferimento per lo studente. In particolare si interfaccia con il tutor scolastico, favorisce l&#8217;inserimento dello studente nella struttura ospitante, ne garantisce la sua formazione e lo coinvolge nel processo di valutazione dell\u2019esperienza.<\/span><\/p>\n<p><strong>25. LE DIFFERENTI CERTIFICAZIONI (ECDL, LINGUE\u2026..) CHE UNO STUDENTE OTTIENE, POSSONO ESSERE CONSIDERATE PCTO?\u00a0<\/strong><\/p>\n<p><span style=\"font-weight: 400;\">NO, a meno che alcune di queste ore non siano inserite in un progetto di classe (project work) come attivit\u00e0 di formazione.\u00a0<\/span><\/p>\n<p><strong>26. SERVE IL GREEN PASS PER SVOLGERE I PCTO?<\/strong><\/p>\n<p><span style=\"font-weight: 400;\">SI, come indicato dalle direttive ministeriali essendo l\u2019alunno in PCTO equiparato ad un lavoratore. Si tenga conto che che le regole relative al green pass potrebbero cambiare in base all\u2019evoluzione epidemiologica.<\/span><\/p>\n<h2>Normativa PCTO e documenti per avvio PCTO<\/h2>\n<p><a href=\"http:\/\/alberghierosonzogni.it\/sitoprecedente\/wp-content\/uploads\/2022\/04\/1.-Linee-guida-ministeriali-PCTO.pdf\">1. Linee guida ministeriali PCTO<\/a><\/p>\n<p><a href=\"http:\/\/alberghierosonzogni.it\/sitoprecedente\/wp-content\/uploads\/2022\/04\/2.-Carta-dei-diritti-e-doveri-degli-studenti-in-PCTO.pdf\">2. Carta dei diritti e doveri degli studenti in PCTO<\/a><\/p>\n<p><a href=\"http:\/\/alberghierosonzogni.it\/sitoprecedente\/wp-content\/uploads\/2022\/04\/3.-Presentazione-documentazione-PCTO.pdf\">3. Presentazione documentazione PCTO<\/a><\/p>\n<h2>Modulistica per aziende e studenti<\/h2>\n<p><a href=\"http:\/\/alberghierosonzogni.it\/sitoprecedente\/wp-content\/uploads\/2022\/04\/1.-Foglio-presenze.pdf\">1. Foglio presenze<\/a><\/p>\n<p><a href=\"http:\/\/alberghierosonzogni.it\/sitoprecedente\/wp-content\/uploads\/2022\/04\/2a.-Scheda-valutazione-ACC.-TURISTICA.pdf\">2a. Scheda valutazione ACC. TURISTICA<\/a><\/p>\n<p><a href=\"http:\/\/alberghierosonzogni.it\/sitoprecedente\/wp-content\/uploads\/2022\/04\/2b.-Scheda-valutazione-CUCINA.pdf\">2b. Scheda valutazione CUCINA<\/a><\/p>\n<p><a href=\"http:\/\/alberghierosonzogni.it\/sitoprecedente\/wp-content\/uploads\/2022\/04\/2c.-Scheda-valutazione-PASTICCERIA.pdf\">2c. Scheda valutazione PASTICCERIA<\/a><\/p>\n<p><a href=\"http:\/\/alberghierosonzogni.it\/sitoprecedente\/wp-content\/uploads\/2022\/04\/2d.-Scheda-valutazione-SALA.pdf\">2d. Scheda valutazione SALA<\/a><\/p>\n<p><a href=\"http:\/\/alberghierosonzogni.it\/sitoprecedente\/wp-content\/uploads\/2022\/04\/3.-Diario-di-bordo-studente.pdf\">3. Diario di bordo studente<\/a><\/p>\n<h2>Link per consegna documenti finali PCTO<\/h2>\n<p><a href=\"https:\/\/docs.google.com\/forms\/d\/1BTvgQ0xq0p83Tz1CafLdlT8G3TnrsWBqaROjvo-UhJw\/edit?usp=sharing\" target=\"_blank\" rel=\"noopener\">VAI AL LINK<\/a><\/p>\n<h2>Monitoraggio PCTO tutor scolastico<\/h2>\n<p>Monitoraggio Telefonico PCTO Primo Contatto\u00a0 <a href=\"https:\/\/docs.google.com\/forms\/d\/1MLxo7FH5qCabpKEx20qaVxIGxiRqpllbn2DLUjoveXQ\/edit?usp=sharing\" target=\"_blank\" rel=\"noopener\">VAI AL LINK<\/a><\/p>\n<p>Monitoraggio Telefonico PCTO Secondo Contatto <a href=\"https:\/\/docs.google.com\/forms\/d\/1rGy5n42oyeYQD082hnlSt7EMlyi4n1QX8ztS9_UzTcQ\/edit?usp=sharing\" target=\"_blank\" rel=\"noopener\">VAI AL LINK<\/a><\/p>\n<p>Monitoraggio Telefonico PCTO Terzo Contatto <a href=\"https:\/\/docs.google.com\/forms\/d\/1ttZUARPcpFyi8qVf1LaGJhzpmM252kROQB7kbQLWDKA\/edit?usp=sharing\" target=\"_blank\" rel=\"noopener\">VAI AL LINK<\/a><\/p>\n<h2>PROJECT WORK<\/h2>\n<p><a href=\"https:\/\/usr.istruzione.lombardia.gov.it\/wp-content\/uploads\/2020\/12\/Il-project-work-nei-PCTO-Guida-operativa-.pdf\">USR LOMBARDIA_ORGANIZZARE PCTO\u00a0 CON IL PROJECT WORK _ GUIDA OPERATIVA<\/a><\/p>\n<p><a href=\"http:\/\/alberghierosonzogni.it\/sitoprecedente\/wp-content\/uploads\/2021\/02\/PROGETTO-PCTO-2020-2021-aggiornamento-a-seguito-dellemergenza-sanitaria.pdf\">AGGIORNAMENTO\u00a0 DEL PROGETTO PCTO 2020\/2021 con introduzione dei PROJECT WORK<\/a><\/p>\n<p><a href=\"http:\/\/alberghierosonzogni.it\/sitoprecedente\/wp-content\/uploads\/2021\/02\/fac-simile-scheda-PW.pdf\">SCHEDA PROJECT WORK\u00a0 DELL&#8217;ISTITUTO (modello base)<\/a><\/p>\n<p>&nbsp;<\/p>\n<p>&nbsp;<\/p>\n<p>&nbsp;<\/p>\n<p>&nbsp;<\/p>\n<p>&nbsp;<\/p>\n","protected":false},"excerpt":{"rendered":"<p>TUTTO QUELLO CHE C\u2019\u00c8 DA SAPERE SUI PERCORSI PER LE COMPETENZE TRASVERSALI E PER L\u2019ORIENTAMENTO (PCTO) 1. PERCHE\u2019\u00a0 BISOGNA SVOLGERE LE ATTIVITA\u2019\u00a0 DI PCTO? Al fine di incrementare le opportunit\u00e0 di lavoro, le competenze, le abilit\u00e0 e la capacit\u00e0 di orientamento degli studenti. Come dichiarato dal DM 774 4\/09\/2019 i PCTO sono attuati da tutti&nbsp; &nbsp; <a class=\"moretag\" href=\"https:\/\/alberghierosonzogni.it\/sitoprecedente\/alternanza-e-stage\/\" title=\"Leggi l&#180;intero articolo\">&raquo;<\/a><\/p>\n","protected":false},"author":12,"featured_media":0,"parent":0,"menu_order":0,"comment_status":"closed","ping_status":"closed","template":"","meta":{"footnotes":""},"class_list":["post-847","page","type-page","status-publish","hentry"],"yoast_head":"<!-- This site is optimized with the Yoast SEO plugin v27.3 - https:\/\/yoast.com\/product\/yoast-seo-wordpress\/ -->\n<title>P.C.T.O. e Tirocini Formativi &#8226; Alberghiero Sonzogni - Nembro (Bergamo)<\/title>\n<meta name=\"robots\" content=\"index, follow, max-snippet:-1, max-image-preview:large, max-video-preview:-1\" \/>\n<link rel=\"canonical\" href=\"http:\/\/alberghierosonzogni.it\/sitoprecedente\/alternanza-e-stage\/\" \/>\n<meta property=\"og:locale\" content=\"it_IT\" \/>\n<meta property=\"og:type\" content=\"article\" \/>\n<meta property=\"og:title\" content=\"P.C.T.O. e Tirocini Formativi &#8226; Alberghiero Sonzogni - Nembro (Bergamo)\" \/>\n<meta property=\"og:description\" content=\"TUTTO QUELLO CHE C\u2019\u00c8 DA SAPERE SUI PERCORSI PER LE COMPETENZE TRASVERSALI E PER L\u2019ORIENTAMENTO (PCTO) 1. PERCHE\u2019\u00a0 BISOGNA SVOLGERE LE ATTIVITA\u2019\u00a0 DI PCTO? Al fine di incrementare le opportunit\u00e0 di lavoro, le competenze, le abilit\u00e0 e la capacit\u00e0 di orientamento degli studenti. Come dichiarato dal DM 774 4\/09\/2019 i PCTO sono attuati da tutti&nbsp; &nbsp; &raquo;\" \/>\n<meta property=\"og:url\" content=\"http:\/\/alberghierosonzogni.it\/sitoprecedente\/alternanza-e-stage\/\" \/>\n<meta property=\"og:site_name\" content=\"Alberghiero Sonzogni - Nembro (Bergamo)\" \/>\n<meta property=\"article:modified_time\" content=\"2022-04-02T17:45:39+00:00\" \/>\n<meta name=\"twitter:card\" content=\"summary_large_image\" \/>\n<meta name=\"twitter:label1\" content=\"Tempo di lettura stimato\" \/>\n\t<meta name=\"twitter:data1\" content=\"7 minuti\" \/>\n<script type=\"application\/ld+json\" class=\"yoast-schema-graph\">{\"@context\":\"https:\\\/\\\/schema.org\",\"@graph\":[{\"@type\":\"WebPage\",\"@id\":\"http:\\\/\\\/alberghierosonzogni.it\\\/sitoprecedente\\\/alternanza-e-stage\\\/\",\"url\":\"http:\\\/\\\/alberghierosonzogni.it\\\/sitoprecedente\\\/alternanza-e-stage\\\/\",\"name\":\"P.C.T.O. e Tirocini Formativi &#8226; Alberghiero Sonzogni - Nembro (Bergamo)\",\"isPartOf\":{\"@id\":\"http:\\\/\\\/alberghierosonzogni.it\\\/sitoprecedente\\\/#website\"},\"datePublished\":\"2012-03-26T10:11:07+00:00\",\"dateModified\":\"2022-04-02T17:45:39+00:00\",\"breadcrumb\":{\"@id\":\"http:\\\/\\\/alberghierosonzogni.it\\\/sitoprecedente\\\/alternanza-e-stage\\\/#breadcrumb\"},\"inLanguage\":\"it-IT\",\"potentialAction\":[{\"@type\":\"ReadAction\",\"target\":[\"http:\\\/\\\/alberghierosonzogni.it\\\/sitoprecedente\\\/alternanza-e-stage\\\/\"]}]},{\"@type\":\"BreadcrumbList\",\"@id\":\"http:\\\/\\\/alberghierosonzogni.it\\\/sitoprecedente\\\/alternanza-e-stage\\\/#breadcrumb\",\"itemListElement\":[{\"@type\":\"ListItem\",\"position\":1,\"name\":\"Home\",\"item\":\"http:\\\/\\\/alberghierosonzogni.it\\\/sitoprecedente\\\/\"},{\"@type\":\"ListItem\",\"position\":2,\"name\":\"P.C.T.O. e Tirocini Formativi\"}]},{\"@type\":\"WebSite\",\"@id\":\"http:\\\/\\\/alberghierosonzogni.it\\\/sitoprecedente\\\/#website\",\"url\":\"http:\\\/\\\/alberghierosonzogni.it\\\/sitoprecedente\\\/\",\"name\":\"Alberghiero Sonzogni - Nembro (Bergamo)\",\"description\":\"Istituto Professionale di Stato per i Servizi Alberghieri e della Ristorazione\",\"potentialAction\":[{\"@type\":\"SearchAction\",\"target\":{\"@type\":\"EntryPoint\",\"urlTemplate\":\"http:\\\/\\\/alberghierosonzogni.it\\\/sitoprecedente\\\/?s={search_term_string}\"},\"query-input\":{\"@type\":\"PropertyValueSpecification\",\"valueRequired\":true,\"valueName\":\"search_term_string\"}}],\"inLanguage\":\"it-IT\"}]}<\/script>\n<!-- \/ Yoast SEO plugin. -->","yoast_head_json":{"title":"P.C.T.O. e Tirocini Formativi &#8226; Alberghiero Sonzogni - Nembro (Bergamo)","robots":{"index":"index","follow":"follow","max-snippet":"max-snippet:-1","max-image-preview":"max-image-preview:large","max-video-preview":"max-video-preview:-1"},"canonical":"http:\/\/alberghierosonzogni.it\/sitoprecedente\/alternanza-e-stage\/","og_locale":"it_IT","og_type":"article","og_title":"P.C.T.O. e Tirocini Formativi &#8226; Alberghiero Sonzogni - Nembro (Bergamo)","og_description":"TUTTO QUELLO CHE C\u2019\u00c8 DA SAPERE SUI PERCORSI PER LE COMPETENZE TRASVERSALI E PER L\u2019ORIENTAMENTO (PCTO) 1. PERCHE\u2019\u00a0 BISOGNA SVOLGERE LE ATTIVITA\u2019\u00a0 DI PCTO? Al fine di incrementare le opportunit\u00e0 di lavoro, le competenze, le abilit\u00e0 e la capacit\u00e0 di orientamento degli studenti. Come dichiarato dal DM 774 4\/09\/2019 i PCTO sono attuati da tutti&nbsp; &nbsp; &raquo;","og_url":"http:\/\/alberghierosonzogni.it\/sitoprecedente\/alternanza-e-stage\/","og_site_name":"Alberghiero Sonzogni - Nembro (Bergamo)","article_modified_time":"2022-04-02T17:45:39+00:00","twitter_card":"summary_large_image","twitter_misc":{"Tempo di lettura stimato":"7 minuti"},"schema":{"@context":"https:\/\/schema.org","@graph":[{"@type":"WebPage","@id":"http:\/\/alberghierosonzogni.it\/sitoprecedente\/alternanza-e-stage\/","url":"http:\/\/alberghierosonzogni.it\/sitoprecedente\/alternanza-e-stage\/","name":"P.C.T.O. e Tirocini Formativi &#8226; Alberghiero Sonzogni - Nembro (Bergamo)","isPartOf":{"@id":"http:\/\/alberghierosonzogni.it\/sitoprecedente\/#website"},"datePublished":"2012-03-26T10:11:07+00:00","dateModified":"2022-04-02T17:45:39+00:00","breadcrumb":{"@id":"http:\/\/alberghierosonzogni.it\/sitoprecedente\/alternanza-e-stage\/#breadcrumb"},"inLanguage":"it-IT","potentialAction":[{"@type":"ReadAction","target":["http:\/\/alberghierosonzogni.it\/sitoprecedente\/alternanza-e-stage\/"]}]},{"@type":"BreadcrumbList","@id":"http:\/\/alberghierosonzogni.it\/sitoprecedente\/alternanza-e-stage\/#breadcrumb","itemListElement":[{"@type":"ListItem","position":1,"name":"Home","item":"http:\/\/alberghierosonzogni.it\/sitoprecedente\/"},{"@type":"ListItem","position":2,"name":"P.C.T.O. e Tirocini Formativi"}]},{"@type":"WebSite","@id":"http:\/\/alberghierosonzogni.it\/sitoprecedente\/#website","url":"http:\/\/alberghierosonzogni.it\/sitoprecedente\/","name":"Alberghiero Sonzogni - Nembro (Bergamo)","description":"Istituto Professionale di Stato per i Servizi Alberghieri e della Ristorazione","potentialAction":[{"@type":"SearchAction","target":{"@type":"EntryPoint","urlTemplate":"http:\/\/alberghierosonzogni.it\/sitoprecedente\/?s={search_term_string}"},"query-input":{"@type":"PropertyValueSpecification","valueRequired":true,"valueName":"search_term_string"}}],"inLanguage":"it-IT"}]}},"_links":{"self":[{"href":"https:\/\/alberghierosonzogni.it\/sitoprecedente\/wp-json\/wp\/v2\/pages\/847","targetHints":{"allow":["GET"]}}],"collection":[{"href":"https:\/\/alberghierosonzogni.it\/sitoprecedente\/wp-json\/wp\/v2\/pages"}],"about":[{"href":"https:\/\/alberghierosonzogni.it\/sitoprecedente\/wp-json\/wp\/v2\/types\/page"}],"author":[{"embeddable":true,"href":"https:\/\/alberghierosonzogni.it\/sitoprecedente\/wp-json\/wp\/v2\/users\/12"}],"replies":[{"embeddable":true,"href":"https:\/\/alberghierosonzogni.it\/sitoprecedente\/wp-json\/wp\/v2\/comments?post=847"}],"version-history":[{"count":27,"href":"https:\/\/alberghierosonzogni.it\/sitoprecedente\/wp-json\/wp\/v2\/pages\/847\/revisions"}],"predecessor-version":[{"id":14386,"href":"https:\/\/alberghierosonzogni.it\/sitoprecedente\/wp-json\/wp\/v2\/pages\/847\/revisions\/14386"}],"wp:attachment":[{"href":"https:\/\/alberghierosonzogni.it\/sitoprecedente\/wp-json\/wp\/v2\/media?parent=847"}],"curies":[{"name":"wp","href":"https:\/\/api.w.org\/{rel}","templated":true}]}}