{"id":8549,"date":"2019-01-18T16:20:26","date_gmt":"2019-01-18T14:20:26","guid":{"rendered":"http:\/\/alberghierosonzogni.it\/sitoprecedente\/?page_id=8549"},"modified":"2023-11-03T11:04:02","modified_gmt":"2023-11-03T09:04:02","slug":"prove-invalsi","status":"publish","type":"page","link":"https:\/\/alberghierosonzogni.it\/sitoprecedente\/prove-invalsi\/","title":{"rendered":"Prove Invalsi"},"content":{"rendered":"<p style=\"text-align: center;\"><strong>CALENDARIO PROVE INVALSI\u00a0<\/strong><\/p>\n<div id=\"contenuti\">\n<div id=\"form_83291\" class=\"divform main\">\n<div class=\"contenutopagina\">\n<ul>\n<li>\n<div id=\"contenuti\">\n<div id=\"form_40016\" class=\"divform main\">\n<div class=\"contenutopagina\">\n<h3><strong>Anno scolastico 2023\/24<\/strong><\/h3>\n<p>&nbsp;<\/p>\n<ul>\n<li><strong>Classi seconde<\/strong>\u00a0(prova\u00a0<u>al computer &#8211; CBT<\/u>)\n<ul>\n<li>Sessione ordinaria\u00a0<u>Classi Campione<\/u>, prove di Italiano e Matematica:\u00a0<strong>luned\u00ec 13, marted\u00ec 14, mercoled\u00ec 15 maggio 2024<\/strong><br \/>\nIn questa finestra la scuola sceglier\u00e0 due giorni per svolgere le prove di Italiano, Matematica.<\/li>\n<li>Sessione ordinaria\u00a0<u>Classi NON Campione<\/u>, prove di Italiano e Matematica:\u00a0<strong>da luned\u00ec 13 maggio 2024 a venerd\u00ec 31 maggio 2024<\/strong><\/li>\n<\/ul>\n<\/li>\n<\/ul>\n<ul>\n<li><strong>Classi quinte<\/strong>\u00a0(prova\u00a0<u>al computer &#8211; CBT<\/u>)\n<ul>\n<li>Sessione ordinaria\u00a0<u>Classi Campione<\/u>:<strong>\u00a0venerd\u00ec 1, luned\u00ec 4, marted\u00ec 5, mercoled\u00ec 6 marzo 2024<\/strong><br \/>\nIn questa finestra la scuola sceglier\u00e0 tre giorni per svolgere le prove di Italiano, Matematica e Inglese (lettura e ascolto).<\/li>\n<li>Sessione ordinaria\u00a0<u>Classi NON Campione<\/u>, prove di Italiano, Matematica e\u00a0Inglese (lettura e ascolto):\u00a0<strong>da venerd\u00ec 1 marzo 2024 a mercoled\u00ec 27 marzo 2024<\/strong><\/li>\n<li>Sessione suppletiva:<strong> dal 27 maggio al 6 giugno 2024<\/strong><\/li>\n<\/ul>\n<\/li>\n<\/ul>\n<\/div>\n<\/div>\n<\/div>\n<\/li>\n<\/ul>\n<\/div>\n<\/div>\n<\/div>\n","protected":false},"excerpt":{"rendered":"<p>CALENDARIO PROVE INVALSI\u00a0 Anno scolastico 2023\/24 &nbsp; Classi seconde\u00a0(prova\u00a0al computer &#8211; CBT) Sessione ordinaria\u00a0Classi Campione, prove di Italiano e Matematica:\u00a0luned\u00ec 13, marted\u00ec 14, mercoled\u00ec 15 maggio 2024 In questa finestra la scuola sceglier\u00e0 due giorni per svolgere le prove di Italiano, Matematica. Sessione ordinaria\u00a0Classi NON Campione, prove di Italiano e Matematica:\u00a0da luned\u00ec 13 maggio 2024&nbsp; &nbsp; <a class=\"moretag\" href=\"https:\/\/alberghierosonzogni.it\/sitoprecedente\/prove-invalsi\/\" title=\"Leggi l&#180;intero articolo\">&raquo;<\/a><\/p>\n","protected":false},"author":12,"featured_media":0,"parent":0,"menu_order":0,"comment_status":"closed","ping_status":"closed","template":"","meta":{"footnotes":""},"class_list":["post-8549","page","type-page","status-publish","hentry"],"yoast_head":"<!-- This site is optimized with the Yoast SEO plugin v27.3 - https:\/\/yoast.com\/product\/yoast-seo-wordpress\/ -->\n<title>Prove Invalsi &#8226; Alberghiero Sonzogni - Nembro (Bergamo)<\/title>\n<meta name=\"robots\" content=\"index, follow, max-snippet:-1, max-image-preview:large, max-video-preview:-1\" \/>\n<link rel=\"canonical\" href=\"http:\/\/alberghierosonzogni.it\/sitoprecedente\/prove-invalsi\/\" \/>\n<meta property=\"og:locale\" content=\"it_IT\" \/>\n<meta property=\"og:type\" content=\"article\" \/>\n<meta property=\"og:title\" content=\"Prove Invalsi &#8226; Alberghiero Sonzogni - Nembro (Bergamo)\" \/>\n<meta property=\"og:description\" content=\"CALENDARIO PROVE INVALSI\u00a0 Anno scolastico 2023\/24 &nbsp; Classi seconde\u00a0(prova\u00a0al computer &#8211; CBT) Sessione ordinaria\u00a0Classi Campione, prove di Italiano e Matematica:\u00a0luned\u00ec 13, marted\u00ec 14, mercoled\u00ec 15 maggio 2024 In questa finestra la scuola sceglier\u00e0 due giorni per svolgere le prove di Italiano, Matematica. Sessione ordinaria\u00a0Classi NON Campione, prove di Italiano e Matematica:\u00a0da luned\u00ec 13 maggio 2024&nbsp; &nbsp; &raquo;\" \/>\n<meta property=\"og:url\" content=\"http:\/\/alberghierosonzogni.it\/sitoprecedente\/prove-invalsi\/\" \/>\n<meta property=\"og:site_name\" content=\"Alberghiero Sonzogni - Nembro (Bergamo)\" \/>\n<meta property=\"article:modified_time\" content=\"2023-11-03T09:04:02+00:00\" \/>\n<meta name=\"twitter:card\" content=\"summary_large_image\" \/>\n<meta name=\"twitter:label1\" content=\"Tempo di lettura stimato\" \/>\n\t<meta name=\"twitter:data1\" content=\"1 minuto\" \/>\n<script type=\"application\/ld+json\" class=\"yoast-schema-graph\">{\"@context\":\"https:\\\/\\\/schema.org\",\"@graph\":[{\"@type\":\"WebPage\",\"@id\":\"http:\\\/\\\/alberghierosonzogni.it\\\/sitoprecedente\\\/prove-invalsi\\\/\",\"url\":\"http:\\\/\\\/alberghierosonzogni.it\\\/sitoprecedente\\\/prove-invalsi\\\/\",\"name\":\"Prove Invalsi &#8226; Alberghiero Sonzogni - Nembro (Bergamo)\",\"isPartOf\":{\"@id\":\"http:\\\/\\\/alberghierosonzogni.it\\\/sitoprecedente\\\/#website\"},\"datePublished\":\"2019-01-18T14:20:26+00:00\",\"dateModified\":\"2023-11-03T09:04:02+00:00\",\"breadcrumb\":{\"@id\":\"http:\\\/\\\/alberghierosonzogni.it\\\/sitoprecedente\\\/prove-invalsi\\\/#breadcrumb\"},\"inLanguage\":\"it-IT\",\"potentialAction\":[{\"@type\":\"ReadAction\",\"target\":[\"http:\\\/\\\/alberghierosonzogni.it\\\/sitoprecedente\\\/prove-invalsi\\\/\"]}]},{\"@type\":\"BreadcrumbList\",\"@id\":\"http:\\\/\\\/alberghierosonzogni.it\\\/sitoprecedente\\\/prove-invalsi\\\/#breadcrumb\",\"itemListElement\":[{\"@type\":\"ListItem\",\"position\":1,\"name\":\"Home\",\"item\":\"http:\\\/\\\/alberghierosonzogni.it\\\/sitoprecedente\\\/\"},{\"@type\":\"ListItem\",\"position\":2,\"name\":\"Prove Invalsi\"}]},{\"@type\":\"WebSite\",\"@id\":\"http:\\\/\\\/alberghierosonzogni.it\\\/sitoprecedente\\\/#website\",\"url\":\"http:\\\/\\\/alberghierosonzogni.it\\\/sitoprecedente\\\/\",\"name\":\"Alberghiero Sonzogni - Nembro (Bergamo)\",\"description\":\"Istituto Professionale di Stato per i Servizi Alberghieri e della Ristorazione\",\"potentialAction\":[{\"@type\":\"SearchAction\",\"target\":{\"@type\":\"EntryPoint\",\"urlTemplate\":\"http:\\\/\\\/alberghierosonzogni.it\\\/sitoprecedente\\\/?s={search_term_string}\"},\"query-input\":{\"@type\":\"PropertyValueSpecification\",\"valueRequired\":true,\"valueName\":\"search_term_string\"}}],\"inLanguage\":\"it-IT\"}]}<\/script>\n<!-- \/ Yoast SEO plugin. -->","yoast_head_json":{"title":"Prove Invalsi &#8226; Alberghiero Sonzogni - Nembro (Bergamo)","robots":{"index":"index","follow":"follow","max-snippet":"max-snippet:-1","max-image-preview":"max-image-preview:large","max-video-preview":"max-video-preview:-1"},"canonical":"http:\/\/alberghierosonzogni.it\/sitoprecedente\/prove-invalsi\/","og_locale":"it_IT","og_type":"article","og_title":"Prove Invalsi &#8226; Alberghiero Sonzogni - Nembro (Bergamo)","og_description":"CALENDARIO PROVE INVALSI\u00a0 Anno scolastico 2023\/24 &nbsp; Classi seconde\u00a0(prova\u00a0al computer &#8211; CBT) Sessione ordinaria\u00a0Classi Campione, prove di Italiano e Matematica:\u00a0luned\u00ec 13, marted\u00ec 14, mercoled\u00ec 15 maggio 2024 In questa finestra la scuola sceglier\u00e0 due giorni per svolgere le prove di Italiano, Matematica. Sessione ordinaria\u00a0Classi NON Campione, prove di Italiano e Matematica:\u00a0da luned\u00ec 13 maggio 2024&nbsp; &nbsp; &raquo;","og_url":"http:\/\/alberghierosonzogni.it\/sitoprecedente\/prove-invalsi\/","og_site_name":"Alberghiero Sonzogni - Nembro (Bergamo)","article_modified_time":"2023-11-03T09:04:02+00:00","twitter_card":"summary_large_image","twitter_misc":{"Tempo di lettura stimato":"1 minuto"},"schema":{"@context":"https:\/\/schema.org","@graph":[{"@type":"WebPage","@id":"http:\/\/alberghierosonzogni.it\/sitoprecedente\/prove-invalsi\/","url":"http:\/\/alberghierosonzogni.it\/sitoprecedente\/prove-invalsi\/","name":"Prove Invalsi &#8226; Alberghiero Sonzogni - Nembro (Bergamo)","isPartOf":{"@id":"http:\/\/alberghierosonzogni.it\/sitoprecedente\/#website"},"datePublished":"2019-01-18T14:20:26+00:00","dateModified":"2023-11-03T09:04:02+00:00","breadcrumb":{"@id":"http:\/\/alberghierosonzogni.it\/sitoprecedente\/prove-invalsi\/#breadcrumb"},"inLanguage":"it-IT","potentialAction":[{"@type":"ReadAction","target":["http:\/\/alberghierosonzogni.it\/sitoprecedente\/prove-invalsi\/"]}]},{"@type":"BreadcrumbList","@id":"http:\/\/alberghierosonzogni.it\/sitoprecedente\/prove-invalsi\/#breadcrumb","itemListElement":[{"@type":"ListItem","position":1,"name":"Home","item":"http:\/\/alberghierosonzogni.it\/sitoprecedente\/"},{"@type":"ListItem","position":2,"name":"Prove Invalsi"}]},{"@type":"WebSite","@id":"http:\/\/alberghierosonzogni.it\/sitoprecedente\/#website","url":"http:\/\/alberghierosonzogni.it\/sitoprecedente\/","name":"Alberghiero Sonzogni - Nembro (Bergamo)","description":"Istituto Professionale di Stato per i Servizi Alberghieri e della Ristorazione","potentialAction":[{"@type":"SearchAction","target":{"@type":"EntryPoint","urlTemplate":"http:\/\/alberghierosonzogni.it\/sitoprecedente\/?s={search_term_string}"},"query-input":{"@type":"PropertyValueSpecification","valueRequired":true,"valueName":"search_term_string"}}],"inLanguage":"it-IT"}]}},"_links":{"self":[{"href":"https:\/\/alberghierosonzogni.it\/sitoprecedente\/wp-json\/wp\/v2\/pages\/8549","targetHints":{"allow":["GET"]}}],"collection":[{"href":"https:\/\/alberghierosonzogni.it\/sitoprecedente\/wp-json\/wp\/v2\/pages"}],"about":[{"href":"https:\/\/alberghierosonzogni.it\/sitoprecedente\/wp-json\/wp\/v2\/types\/page"}],"author":[{"embeddable":true,"href":"https:\/\/alberghierosonzogni.it\/sitoprecedente\/wp-json\/wp\/v2\/users\/12"}],"replies":[{"embeddable":true,"href":"https:\/\/alberghierosonzogni.it\/sitoprecedente\/wp-json\/wp\/v2\/comments?post=8549"}],"version-history":[{"count":42,"href":"https:\/\/alberghierosonzogni.it\/sitoprecedente\/wp-json\/wp\/v2\/pages\/8549\/revisions"}],"predecessor-version":[{"id":16439,"href":"https:\/\/alberghierosonzogni.it\/sitoprecedente\/wp-json\/wp\/v2\/pages\/8549\/revisions\/16439"}],"wp:attachment":[{"href":"https:\/\/alberghierosonzogni.it\/sitoprecedente\/wp-json\/wp\/v2\/media?parent=8549"}],"curies":[{"name":"wp","href":"https:\/\/api.w.org\/{rel}","templated":true}]}}